{"id":14,"date":"2018-10-03T20:04:57","date_gmt":"2018-10-03T20:04:57","guid":{"rendered":"http:\/\/elternbeirat.flgblogs.de\/?page_id=14"},"modified":"2025-03-15T17:12:26","modified_gmt":"2025-03-15T17:12:26","slug":"arbeitskreise","status":"publish","type":"page","link":"https:\/\/elternbeirat.flgblogs.de\/?page_id=14","title":{"rendered":"ARBEITSKREISE."},"content":{"rendered":"\n<figure class=\"wp-block-image size-large\"><img loading=\"lazy\" decoding=\"async\" width=\"1024\" height=\"101\" src=\"http:\/\/elternbeirat.flgblogs.de\/wp-content\/uploads\/2025\/01\/image-4-1024x101.png\" alt=\"\" class=\"wp-image-950\" srcset=\"https:\/\/elternbeirat.flgblogs.de\/wp-content\/uploads\/2025\/01\/image-4-1024x101.png 1024w, https:\/\/elternbeirat.flgblogs.de\/wp-content\/uploads\/2025\/01\/image-4-300x30.png 300w, https:\/\/elternbeirat.flgblogs.de\/wp-content\/uploads\/2025\/01\/image-4-768x76.png 768w, https:\/\/elternbeirat.flgblogs.de\/wp-content\/uploads\/2025\/01\/image-4-1536x152.png 1536w, https:\/\/elternbeirat.flgblogs.de\/wp-content\/uploads\/2025\/01\/image-4-2048x202.png 2048w, https:\/\/elternbeirat.flgblogs.de\/wp-content\/uploads\/2025\/01\/image-4-1140x113.png 1140w\" sizes=\"auto, (max-width: 1024px) 100vw, 1024px\" \/><\/figure>\n\n\n<p>Start der gemeinsamen Zusammenarbeit in der zweij\u00e4hrigen Periode ist ein&nbsp;Strategiemeeting, bei dem die Erwartungen, Ziele und Schwerpunkte ausgetauscht und auf Basis der Einsch\u00e4tzungen die entsprechenden Arbeitskreise gebildet werden.<\/p>\n<p>Aufbauend auf diesen Erfahrungen hat der neu gew\u00e4hlte Elternbeirat in der konstituierenden Sitzung im November 2024 entschieden erstmals auch Sch\u00fcler:innen der SMV in das Strategiemeeting einzuladen.<\/p>\n<p>Auf Basis des&nbsp;gemeinsamen Gedankenaustausch haben sich folgende Arbeitskreise (AK) gebildet. F\u00fcr jeden AK hat sich aus dem Kreis der Elternbeir\u00e4te Interessent:innen und eine Sprecher:in gemeldet, die die Organisation \u00fcbernimmt und auch als Ansprechpartner:in fungiert.<\/p>\n<p><\/p>\n\n\n<ul class=\"wp-block-list\"><li>AK Finanzen: Daniela Garling-Schmid<\/li><\/ul>\n\n\n\n<ul class=\"wp-block-list\"><li>AK Veranstaltungen: Marion Zepf<\/li><\/ul>\n\n\n\n<ul class=\"wp-block-list\"><li>AK Kommunikation: Christian Kaiser<\/li><\/ul>\n\n\n\n<ul class=\"wp-block-list\"><li>AK Berufsorientierung: Ben St\u00e4bler<\/li><\/ul>\n\n\n\n<ul class=\"wp-block-list\"><li>AK Digitales\/ Medienkompetenz: Bertram Dillig<\/li><\/ul>\n\n\n\n<ul class=\"wp-block-list\"><li>AK Demokratierziehung\/ Politische Bildung: Franca Heinsch<\/li><\/ul>\n\n\n\n<ul class=\"wp-block-list\"><li>AK Sch\u00fclergesundheit\/ Resilienz \/ Schulentwicklung: &nbsp;Alexander Jentzsch<\/li><\/ul>\n\n\n<p><\/p>\n<p><strong>Finanzen<br><\/strong>Im Arbeitskreis wird die konzeptionelle Ausrichtung der finanziellen Unterst\u00fctzung vorgedacht. Es werden kleinere Spendenanfragen bearbeitet, ohne dass alle Elternbeir\u00e4te befragt werden (m\u00fcssen).<br>In Abstimmung mit der Stadt werden aktuell gesetzliche Neuerungen f\u00fcr die Kontof\u00fchrung im Elternbeirat umgesetzt.<strong><br><\/strong><\/p>\n<p><strong>Veranstaltungen<br><\/strong>Gerade in der Kooperation rund um gemeinsame Veranstaltungen wird Schulfamilie lebendig. Der AK sorgt f\u00fcr einen \u00dcberblick \u00fcber &#8222;gesetzte\/ wiederkehrende&#8220; Veranstaltungen f\u00fcr die Eltern. Und gew\u00e4hrleistet die Begleitung von ca. einem Dutzend schulischen Veranstaltungen durch den Elternbeirat. Die Begr\u00fc\u00dfung der Eltern der 5. Klassen, das Dreik\u00f6nigsturnier &nbsp;und der <a href=\"https:\/\/franz-ludwig-gymnasium.de\/eisball-am-flg-wir-schlittern-in-den-fruehling\/\">Eisball<\/a> sind beispielhafte Veranstaltungen.&nbsp;<\/p>\n\n\n<p><strong>Kommunikation<\/strong><br>Der AK m\u00f6chte die Transparenz und Durchl\u00e4ssigkeit zwischen den Beteiligten der Schulfamilie erh\u00f6hen. Neben dem Fokus auf Themen der Kommunikation in enger Zusammenarbeit mit der Schulleitung, den Arbeitskreisen im Elternbeirat und den Klassenelternsprechern ist das Thema Aktualiserung der Homepage mit den Blogs  ein Schwerpunkt der Aktivit\u00e4ten im Arbeitskreis.<\/p>\n\n\n\n<p><strong>Berufsorientierung<\/strong><br>Der Arbeitskreis pr\u00fcft als erste Initiative eine Kooperation mit dem <a href=\"https:\/\/mint-zentrum-hirschaid.de\/\">MINT Zentrum in Hirschaid<\/a>: &#8222;Die F\u00f6rderung und Entwicklung von Zukunftskompetenzen in unserer Gesellschaft muss schnellstm\u00f6glich intensiviert und ausgeweitet werden \u2013 nur so k\u00f6nnen die aktuellen und bevorstehenden Herausforderungen bew\u00e4ltigt werden. Das MINT-Zentrum Hirschaid wird hierf\u00fcr ab sofort mit hochwertigen und effektiven Bildungsangeboten sowie durch die Zusammenf\u00fchrung, Weiterentwicklung und Darstellung vorhandener Bildungsangebote einen wesentlich Beitrag f\u00fcr die Region leisten.&#8220; <\/p>\n\n\n\n<p><\/p>\n\n\n\n<p><strong>Digitales &amp; Medienkompetenz<\/strong><br>Der AK Digitales &amp; Medienkompetenz m\u00f6chte Sch\u00fclerschaft, Eltern und Lehrkr\u00e4fte dabei unterst\u00fctzen, dass heute und k\u00fcnftig funktionierende digitale Inhalte und Ger\u00e4te sinnvoll und fair eingesetzt werden k\u00f6nnen.<\/p>\n\n\n\n<p>In der T\u00e4tigkeit des AK soll im Fokus stehen, der Schulfamilie (Sch\u00fcler-, Lehrer- und auch Elternschaft) die Wichtigkeit von Medienkompetenz vor Augen zu f\u00fchren.<\/p>\n\n\n\n<p><strong>Demokratierziehung\/ Politische Bildung<\/strong><br>In Abstimmung mit Schulleitung und Lehrer:innen plant  der AK Initiativen im Bereich \u201eDemokratiebildung\u201c anzusto\u00dfen. <\/p>\n\n\n\n<p><strong>Sch\u00fclergesundheit\/ Resilienz \/ Schulentwicklung<\/strong><br>Ziel ist es das Awareness-Team der SMV zu unterst\u00fctzen. Weiter kann sich der AK vorstellen, Vortr\u00e4ge oder Handouts f\u00fcr die Schulfamilie zu gestalten.<br><\/p>\n","protected":false},"excerpt":{"rendered":"<p>Start der gemeinsamen Zusammenarbeit in der zweij\u00e4hrigen Periode ist ein&nbsp;Strategiemeeting, bei dem die Erwartungen, Ziele und Schwerpunkte ausgetauscht und auf Basis der Einsch\u00e4tzungen die entsprechenden Arbeitskreise gebildet werden. Aufbauend auf diesen Erfahrungen hat der neu gew\u00e4hlte Elternbeirat in der konstituierenden Sitzung im November 2024 entschieden erstmals auch Sch\u00fcler:innen der SMV in das Strategiemeeting einzuladen. Auf Basis des&nbsp;gemeinsamen Gedankenaustausch haben sich folgende Arbeitskreise (AK) gebildet. F\u00fcr jeden AK hat sich aus dem Kreis der Elternbeir\u00e4te Interessent:innen und eine Sprecher:in gemeldet, die die Organisation \u00fcbernimmt und auch als Ansprechpartner:in fungiert. AK Finanzen: Daniela Garling-Schmid AK Veranstaltungen: Marion Zepf AK Kommunikation: Christian Kaiser AK Berufsorientierung: Ben St\u00e4bler AK Digitales\/ Medienkompetenz: Bertram Dillig AK Demokratierziehung\/ Politische Bildung: Franca Heinsch AK Sch\u00fclergesundheit\/ Resilienz \/ Schulentwicklung: &nbsp;Alexander Jentzsch FinanzenIm Arbeitskreis wird die konzeptionelle Ausrichtung der finanziellen Unterst\u00fctzung vorgedacht. Es werden kleinere Spendenanfragen bearbeitet, ohne dass alle Elternbeir\u00e4te befragt werden (m\u00fcssen).In Abstimmung mit der Stadt werden aktuell gesetzliche Neuerungen f\u00fcr die Kontof\u00fchrung im Elternbeirat umgesetzt. VeranstaltungenGerade in der Kooperation rund um gemeinsame Veranstaltungen wird Schulfamilie lebendig. Der AK sorgt f\u00fcr einen \u00dcberblick \u00fcber &#8222;gesetzte\/ wiederkehrende&#8220; Veranstaltungen f\u00fcr die Eltern. Und gew\u00e4hrleistet die Begleitung von ca. einem Dutzend schulischen Veranstaltungen durch den Elternbeirat. Die Begr\u00fc\u00dfung der Eltern der 5. Klassen, das Dreik\u00f6nigsturnier &nbsp;und der Eisball sind beispielhafte Veranstaltungen.&nbsp; KommunikationDer AK m\u00f6chte die Transparenz und Durchl\u00e4ssigkeit zwischen den Beteiligten der Schulfamilie erh\u00f6hen. Neben dem Fokus auf Themen der Kommunikation in enger Zusammenarbeit mit der Schulleitung, den Arbeitskreisen im Elternbeirat und den Klassenelternsprechern ist das Thema Aktualiserung der Homepage mit den Blogs ein Schwerpunkt der Aktivit\u00e4ten im Arbeitskreis. BerufsorientierungDer Arbeitskreis pr\u00fcft als erste Initiative eine Kooperation mit dem MINT Zentrum in Hirschaid: &#8222;Die F\u00f6rderung und Entwicklung von Zukunftskompetenzen in unserer Gesellschaft muss schnellstm\u00f6glich intensiviert und ausgeweitet werden \u2013 nur so k\u00f6nnen die aktuellen und bevorstehenden Herausforderungen bew\u00e4ltigt werden. Das MINT-Zentrum Hirschaid wird hierf\u00fcr ab sofort mit hochwertigen und effektiven Bildungsangeboten sowie durch die Zusammenf\u00fchrung, Weiterentwicklung und Darstellung vorhandener Bildungsangebote einen wesentlich Beitrag f\u00fcr die Region leisten.&#8220; Digitales &amp; MedienkompetenzDer AK Digitales &amp; Medienkompetenz m\u00f6chte Sch\u00fclerschaft, Eltern und Lehrkr\u00e4fte dabei unterst\u00fctzen, dass heute und k\u00fcnftig funktionierende digitale Inhalte und Ger\u00e4te sinnvoll und fair eingesetzt werden k\u00f6nnen. In der T\u00e4tigkeit des AK soll im Fokus stehen, der Schulfamilie (Sch\u00fcler-, Lehrer- und auch Elternschaft) die Wichtigkeit von Medienkompetenz vor Augen zu f\u00fchren. Demokratierziehung\/ Politische BildungIn Abstimmung mit Schulleitung und Lehrer:innen plant der AK Initiativen im Bereich \u201eDemokratiebildung\u201c anzusto\u00dfen. Sch\u00fclergesundheit\/ Resilienz \/ SchulentwicklungZiel ist es das Awareness-Team der SMV zu unterst\u00fctzen. Weiter kann sich der AK vorstellen, Vortr\u00e4ge oder Handouts f\u00fcr die Schulfamilie zu gestalten.<\/p>\n","protected":false},"author":1,"featured_media":0,"parent":0,"menu_order":0,"comment_status":"closed","ping_status":"closed","template":"","meta":{"footnotes":""},"class_list":["post-14","page","type-page","status-publish","hentry"],"_links":{"self":[{"href":"https:\/\/elternbeirat.flgblogs.de\/index.php?rest_route=\/wp\/v2\/pages\/14","targetHints":{"allow":["GET"]}}],"collection":[{"href":"https:\/\/elternbeirat.flgblogs.de\/index.php?rest_route=\/wp\/v2\/pages"}],"about":[{"href":"https:\/\/elternbeirat.flgblogs.de\/index.php?rest_route=\/wp\/v2\/types\/page"}],"author":[{"embeddable":true,"href":"https:\/\/elternbeirat.flgblogs.de\/index.php?rest_route=\/wp\/v2\/users\/1"}],"replies":[{"embeddable":true,"href":"https:\/\/elternbeirat.flgblogs.de\/index.php?rest_route=%2Fwp%2Fv2%2Fcomments&post=14"}],"version-history":[{"count":22,"href":"https:\/\/elternbeirat.flgblogs.de\/index.php?rest_route=\/wp\/v2\/pages\/14\/revisions"}],"predecessor-version":[{"id":1112,"href":"https:\/\/elternbeirat.flgblogs.de\/index.php?rest_route=\/wp\/v2\/pages\/14\/revisions\/1112"}],"wp:attachment":[{"href":"https:\/\/elternbeirat.flgblogs.de\/index.php?rest_route=%2Fwp%2Fv2%2Fmedia&parent=14"}],"curies":[{"name":"wp","href":"https:\/\/api.w.org\/{rel}","templated":true}]}}