{"id":926,"date":"2025-01-21T21:31:47","date_gmt":"2025-01-21T21:31:47","guid":{"rendered":"http:\/\/elternbeirat.flgblogs.de\/?page_id=926"},"modified":"2025-09-23T15:03:25","modified_gmt":"2025-09-23T15:03:25","slug":"franz-ullrich","status":"publish","type":"page","link":"http:\/\/elternbeirat.flgblogs.de\/?page_id=926","title":{"rendered":"Franz Ullrich"},"content":{"rendered":"\n<div class=\"wp-block-image\"><figure class=\"aligncenter size-large is-resized\"><img loading=\"lazy\" decoding=\"async\" src=\"http:\/\/elternbeirat.flgblogs.de\/wp-content\/uploads\/2025\/01\/Franz_Ullrich_01-679x1024.jpg\" alt=\"\" class=\"wp-image-1021\" width=\"340\" height=\"512\" srcset=\"http:\/\/elternbeirat.flgblogs.de\/wp-content\/uploads\/2025\/01\/Franz_Ullrich_01-679x1024.jpg 679w, http:\/\/elternbeirat.flgblogs.de\/wp-content\/uploads\/2025\/01\/Franz_Ullrich_01-199x300.jpg 199w, http:\/\/elternbeirat.flgblogs.de\/wp-content\/uploads\/2025\/01\/Franz_Ullrich_01-768x1158.jpg 768w, http:\/\/elternbeirat.flgblogs.de\/wp-content\/uploads\/2025\/01\/Franz_Ullrich_01-1019x1536.jpg 1019w, http:\/\/elternbeirat.flgblogs.de\/wp-content\/uploads\/2025\/01\/Franz_Ullrich_01-1358x2048.jpg 1358w, http:\/\/elternbeirat.flgblogs.de\/wp-content\/uploads\/2025\/01\/Franz_Ullrich_01-1140x1719.jpg 1140w, http:\/\/elternbeirat.flgblogs.de\/wp-content\/uploads\/2025\/01\/Franz_Ullrich_01-scaled.jpg 1698w\" sizes=\"auto, (max-width: 340px) 100vw, 340px\" \/><\/figure><\/div>\n\n\n\n<h4 class=\"wp-block-heading\" id=\"block-c19ee3a7-987a-4237-beb6-ccb918740f36\"><strong><span style=\"color:#7e8286\" class=\"has-inline-color\">Beruf<\/span><span class=\"has-inline-color has-cyan-bluish-gray-color\">:<\/span><\/strong><br>Dipl.-Ing., Architekt, Stadtplaner, Regierungsbaumeister<\/h4>\n\n\n\n<h4 class=\"wp-block-heading\" id=\"block-621f4362-ade1-4da6-9b24-33be8ae7b78c\"><strong><span style=\"color:#777d82\" class=\"has-inline-color\">Kind in:<\/span><\/strong><br>Jahrgangsstufe 7<\/h4>\n\n\n\n<h4 class=\"wp-block-heading\" id=\"block-7619943b-8626-4542-93cb-955e1dbab418\"><strong><span style=\"color:#92989a\" class=\"has-inline-color\">AK-Mitglied:<\/span><\/strong><br>Demokratieerziehung &amp; Politische Bildung<\/h4>\n\n\n\n<h4 class=\"wp-block-heading\" id=\"block-c2fa1e53-678d-49aa-8cc5-29eb99ce5303\"><strong><span style=\"color:#8d9598\" class=\"has-inline-color\">Warum bin ich im EB?:<\/span><\/strong><br>Ich freue mich am Interessensausgleich zwischen Elternh\u00e4usern und Schule mitzuwirken, weil Verst\u00e4ndnis und Vertrauen so wichtige Grundlagen f\u00fcr das Zusammenleben sind. Auch deshalb engangiere ich mich auch im AK Demokratieerziehung.<\/h4>\n\n\n\n<p><\/p>\n\n\n\n<p><em><a href=\"http:\/\/elternbeirat.flgblogs.de\/?page_id=12\">zur\u00fcck<\/a><\/em><\/p>\n","protected":false},"excerpt":{"rendered":"<p>Beruf:Dipl.-Ing., Architekt, Stadtplaner, Regierungsbaumeister Kind in:Jahrgangsstufe 7 AK-Mitglied:Demokratieerziehung &amp; Politische Bildung Warum bin ich im EB?:Ich freue mich am Interessensausgleich zwischen Elternh\u00e4usern und Schule mitzuwirken, weil Verst\u00e4ndnis und Vertrauen so wichtige Grundlagen f\u00fcr das Zusammenleben sind. Auch deshalb engangiere ich mich auch im AK Demokratieerziehung. zur\u00fcck<\/p>\n","protected":false},"author":1,"featured_media":0,"parent":0,"menu_order":0,"comment_status":"closed","ping_status":"closed","template":"","meta":{"footnotes":""},"class_list":["post-926","page","type-page","status-publish","hentry"],"_links":{"self":[{"href":"http:\/\/elternbeirat.flgblogs.de\/index.php?rest_route=\/wp\/v2\/pages\/926","targetHints":{"allow":["GET"]}}],"collection":[{"href":"http:\/\/elternbeirat.flgblogs.de\/index.php?rest_route=\/wp\/v2\/pages"}],"about":[{"href":"http:\/\/elternbeirat.flgblogs.de\/index.php?rest_route=\/wp\/v2\/types\/page"}],"author":[{"embeddable":true,"href":"http:\/\/elternbeirat.flgblogs.de\/index.php?rest_route=\/wp\/v2\/users\/1"}],"replies":[{"embeddable":true,"href":"http:\/\/elternbeirat.flgblogs.de\/index.php?rest_route=%2Fwp%2Fv2%2Fcomments&post=926"}],"version-history":[{"count":5,"href":"http:\/\/elternbeirat.flgblogs.de\/index.php?rest_route=\/wp\/v2\/pages\/926\/revisions"}],"predecessor-version":[{"id":1248,"href":"http:\/\/elternbeirat.flgblogs.de\/index.php?rest_route=\/wp\/v2\/pages\/926\/revisions\/1248"}],"wp:attachment":[{"href":"http:\/\/elternbeirat.flgblogs.de\/index.php?rest_route=%2Fwp%2Fv2%2Fmedia&parent=926"}],"curies":[{"name":"wp","href":"https:\/\/api.w.org\/{rel}","templated":true}]}}