{"id":918,"date":"2025-01-14T10:33:19","date_gmt":"2025-01-14T10:33:19","guid":{"rendered":"http:\/\/elternbeirat.flgblogs.de\/?page_id=918"},"modified":"2025-09-23T15:01:49","modified_gmt":"2025-09-23T15:01:49","slug":"bertram-dillig","status":"publish","type":"page","link":"http:\/\/elternbeirat.flgblogs.de\/?page_id=918","title":{"rendered":"Bertram Dillig"},"content":{"rendered":"\n<div class=\"wp-block-image\"><figure class=\"aligncenter size-large\"><img loading=\"lazy\" decoding=\"async\" width=\"429\" height=\"545\" src=\"http:\/\/elternbeirat.flgblogs.de\/wp-content\/uploads\/2025\/01\/dillig.png\" alt=\"\" class=\"wp-image-955\" srcset=\"http:\/\/elternbeirat.flgblogs.de\/wp-content\/uploads\/2025\/01\/dillig.png 429w, http:\/\/elternbeirat.flgblogs.de\/wp-content\/uploads\/2025\/01\/dillig-236x300.png 236w\" sizes=\"auto, (max-width: 429px) 100vw, 429px\" \/><\/figure><\/div>\n\n\n\n<h4 class=\"has-medium-font-size wp-block-heading\"><strong><span style=\"color:#818689\" class=\"has-inline-color\">Beruf:<\/span><\/strong><span class=\"has-inline-color has-cyan-bluish-gray-color\"> <\/span><br><em>Dipl.-Ing. Maschinenbau (BA)<\/em><\/h4>\n\n\n\n<h4 class=\"has-medium-font-size wp-block-heading\"><strong><span style=\"color:#818689\" class=\"has-inline-color\">Kind in:<\/span><\/strong><span class=\"has-inline-color has-cyan-bluish-gray-color\"> <\/span><br><span class=\"has-inline-color has-black-color\">Jahrgangsstufe <\/span>6<\/h4>\n\n\n\n<h4 class=\"has-medium-font-size wp-block-heading\"><strong><span style=\"color:#818689\" class=\"has-inline-color\">AK-Mitglied:<\/span><\/strong><span class=\"has-inline-color has-cyan-bluish-gray-color\"> <\/span><br>Digitales &amp; Medienkompetenz \/ Demokratierziehung &amp; Politische Bildung <\/h4>\n\n\n\n<h4 class=\"has-medium-font-size wp-block-heading\"><strong><span style=\"color:#818689\" class=\"has-inline-color\">Warum bin ich im EB?:<\/span><\/strong><span class=\"has-inline-color has-cyan-bluish-gray-color\"> <\/span><\/h4>\n\n\n\n<h4 class=\"has-medium-font-size wp-block-heading\">Ich m\u00f6chte etwas von dem zur\u00fcckgeben, was ich selbst als Sch\u00fcler am FLG erfahren habe: Engagement und Leidenschaft \u00fcber Lernen und Lehre hinaus &#8211; ganz egal ob in hitzigen Diskussionen oder beim Kuchenverkauf.<\/h4>\n\n\n\n<p><\/p>\n\n\n\n<p><em><a href=\"http:\/\/elternbeirat.flgblogs.de\/?page_id=12\">zur\u00fcck<\/a><\/em><\/p>\n","protected":false},"excerpt":{"rendered":"<p>Beruf: Dipl.-Ing. Maschinenbau (BA) Kind in: Jahrgangsstufe 6 AK-Mitglied: Digitales &amp; Medienkompetenz \/ Demokratierziehung &amp; Politische Bildung Warum bin ich im EB?: Ich m\u00f6chte etwas von dem zur\u00fcckgeben, was ich selbst als Sch\u00fcler am FLG erfahren habe: Engagement und Leidenschaft \u00fcber Lernen und Lehre hinaus &#8211; ganz egal ob in hitzigen Diskussionen oder beim Kuchenverkauf. zur\u00fcck<\/p>\n","protected":false},"author":1,"featured_media":0,"parent":0,"menu_order":0,"comment_status":"closed","ping_status":"closed","template":"","meta":{"footnotes":""},"class_list":["post-918","page","type-page","status-publish","hentry"],"_links":{"self":[{"href":"http:\/\/elternbeirat.flgblogs.de\/index.php?rest_route=\/wp\/v2\/pages\/918","targetHints":{"allow":["GET"]}}],"collection":[{"href":"http:\/\/elternbeirat.flgblogs.de\/index.php?rest_route=\/wp\/v2\/pages"}],"about":[{"href":"http:\/\/elternbeirat.flgblogs.de\/index.php?rest_route=\/wp\/v2\/types\/page"}],"author":[{"embeddable":true,"href":"http:\/\/elternbeirat.flgblogs.de\/index.php?rest_route=\/wp\/v2\/users\/1"}],"replies":[{"embeddable":true,"href":"http:\/\/elternbeirat.flgblogs.de\/index.php?rest_route=%2Fwp%2Fv2%2Fcomments&post=918"}],"version-history":[{"count":10,"href":"http:\/\/elternbeirat.flgblogs.de\/index.php?rest_route=\/wp\/v2\/pages\/918\/revisions"}],"predecessor-version":[{"id":1243,"href":"http:\/\/elternbeirat.flgblogs.de\/index.php?rest_route=\/wp\/v2\/pages\/918\/revisions\/1243"}],"wp:attachment":[{"href":"http:\/\/elternbeirat.flgblogs.de\/index.php?rest_route=%2Fwp%2Fv2%2Fmedia&parent=918"}],"curies":[{"name":"wp","href":"https:\/\/api.w.org\/{rel}","templated":true}]}}