{"id":78,"date":"2018-10-03T21:20:50","date_gmt":"2018-10-03T21:20:50","guid":{"rendered":"http:\/\/elternbeirat.flgblogs.de\/?page_id=78"},"modified":"2026-03-23T14:26:36","modified_gmt":"2026-03-23T14:26:36","slug":"termine","status":"publish","type":"page","link":"http:\/\/elternbeirat.flgblogs.de\/?page_id=78","title":{"rendered":"TERMINE."},"content":{"rendered":"<p><img loading=\"lazy\" decoding=\"async\" class=\"size-medium wp-image-37 aligncenter\" src=\"http:\/\/elternbeirat.flgblogs.de\/wp-content\/uploads\/2018\/10\/ecb795ee-f382-4e33-8a61-c6c785586a0e-2-300x169.jpg\" alt=\"\" width=\"300\" height=\"169\" srcset=\"http:\/\/elternbeirat.flgblogs.de\/wp-content\/uploads\/2018\/10\/ecb795ee-f382-4e33-8a61-c6c785586a0e-2-300x169.jpg 300w, http:\/\/elternbeirat.flgblogs.de\/wp-content\/uploads\/2018\/10\/ecb795ee-f382-4e33-8a61-c6c785586a0e-2-768x432.jpg 768w, http:\/\/elternbeirat.flgblogs.de\/wp-content\/uploads\/2018\/10\/ecb795ee-f382-4e33-8a61-c6c785586a0e-2-1024x576.jpg 1024w, http:\/\/elternbeirat.flgblogs.de\/wp-content\/uploads\/2018\/10\/ecb795ee-f382-4e33-8a61-c6c785586a0e-2-1140x641.jpg 1140w, http:\/\/elternbeirat.flgblogs.de\/wp-content\/uploads\/2018\/10\/ecb795ee-f382-4e33-8a61-c6c785586a0e-2.jpg 1328w\" sizes=\"auto, (max-width: 300px) 100vw, 300px\" \/><\/p>\n<p><strong>Termine des Elternbeirats im Schuljahr 2025\/2025:<\/strong><\/p>\n<ul>\n<li>EBR Sitzung vor den Pfingstferien: 13.05.2026 um 20.00 Uhr<\/li>\n<li>KES Austausch vor den Pfingstferien: 18.05.2026 um 19.00 Uhr<\/li>\n<li>EBR Treffen im Juli (mit Wahlvorbereitung): 07.07.2026 um 20.00 Uhr\u00a0<\/li>\n<\/ul>\n<p>Pers\u00f6nliche Kontakte sind uns f\u00fcr den Austausch mit Ihnen sehr wichtig. Gerne nutzen wir daher die Gelegenheit, uns bei Schulveranstaltungen mit einem Info-Stand zu pr\u00e4sentieren. Solche Gelegenheiten, uns pers\u00f6nlich anzutreffen, gibt es in regul\u00e4ren Schuljahren zahlreiche.<\/p>\n<p>Wir freuen uns darauf, Sie pers\u00f6nlich zu treffen und stehen gerne f\u00fcr Ihre Fragen zur Verf\u00fcgung. Z\u00f6gern Sie bitte nicht, uns anzusprechen.<\/p>\n<p>Sehr empf\u00e4nglich sind wir auch immer f\u00fcr Spenden, die dann wiederum den Sch\u00fcler:innen und der Schule zu Gute kommen. Herzlichen Dank im Voraus!<\/p>\n\n\n<p><\/p>\n","protected":false},"excerpt":{"rendered":"<p>Termine des Elternbeirats im Schuljahr 2025\/2025: EBR Sitzung vor den Pfingstferien: 13.05.2026 um 20.00 Uhr KES Austausch vor den Pfingstferien: 18.05.2026 um 19.00 Uhr EBR Treffen im Juli (mit Wahlvorbereitung): 07.07.2026 um 20.00 Uhr\u00a0 Pers\u00f6nliche Kontakte sind uns f\u00fcr den Austausch mit Ihnen sehr wichtig. Gerne nutzen wir daher die Gelegenheit, uns bei Schulveranstaltungen mit einem Info-Stand zu pr\u00e4sentieren. Solche Gelegenheiten, uns pers\u00f6nlich anzutreffen, gibt es in regul\u00e4ren Schuljahren zahlreiche. Wir freuen uns darauf, Sie pers\u00f6nlich zu treffen und stehen gerne f\u00fcr Ihre Fragen zur Verf\u00fcgung. Z\u00f6gern Sie bitte nicht, uns anzusprechen. Sehr empf\u00e4nglich sind wir auch immer f\u00fcr Spenden, die dann wiederum den Sch\u00fcler:innen und der Schule zu Gute kommen. Herzlichen Dank im Voraus!<\/p>\n","protected":false},"author":1,"featured_media":0,"parent":0,"menu_order":0,"comment_status":"closed","ping_status":"closed","template":"","meta":{"footnotes":""},"class_list":["post-78","page","type-page","status-publish","hentry"],"_links":{"self":[{"href":"http:\/\/elternbeirat.flgblogs.de\/index.php?rest_route=\/wp\/v2\/pages\/78","targetHints":{"allow":["GET"]}}],"collection":[{"href":"http:\/\/elternbeirat.flgblogs.de\/index.php?rest_route=\/wp\/v2\/pages"}],"about":[{"href":"http:\/\/elternbeirat.flgblogs.de\/index.php?rest_route=\/wp\/v2\/types\/page"}],"author":[{"embeddable":true,"href":"http:\/\/elternbeirat.flgblogs.de\/index.php?rest_route=\/wp\/v2\/users\/1"}],"replies":[{"embeddable":true,"href":"http:\/\/elternbeirat.flgblogs.de\/index.php?rest_route=%2Fwp%2Fv2%2Fcomments&post=78"}],"version-history":[{"count":38,"href":"http:\/\/elternbeirat.flgblogs.de\/index.php?rest_route=\/wp\/v2\/pages\/78\/revisions"}],"predecessor-version":[{"id":1370,"href":"http:\/\/elternbeirat.flgblogs.de\/index.php?rest_route=\/wp\/v2\/pages\/78\/revisions\/1370"}],"wp:attachment":[{"href":"http:\/\/elternbeirat.flgblogs.de\/index.php?rest_route=%2Fwp%2Fv2%2Fmedia&parent=78"}],"curies":[{"name":"wp","href":"https:\/\/api.w.org\/{rel}","templated":true}]}}