{"id":19,"date":"2018-10-03T20:06:15","date_gmt":"2018-10-03T20:06:15","guid":{"rendered":"http:\/\/elternbeirat.flgblogs.de\/?page_id=19"},"modified":"2024-02-25T11:40:15","modified_gmt":"2024-02-25T11:40:15","slug":"was-wir-foerdern","status":"publish","type":"page","link":"http:\/\/elternbeirat.flgblogs.de\/?page_id=19","title":{"rendered":"WAS WIR F\u00d6RDERN."},"content":{"rendered":"<p><strong>Wir unterst\u00fctzen und f\u00f6rdern:<\/strong><em><br \/>\n<\/em><br \/>\n&#8211; Finanzierung des Elternportals<br \/>\n&#8211; Schulfahrten (Orchester-\/ Chor-\/ Klassen-)<br \/>\n&#8211; Projekte (z.B. W-Seminare\/ P-Seminare)<br \/>\n&#8211; Einzelantr\u00e4ge von Sch\u00fclern (z.B. f\u00fcr Klassenfahrten)<\/p>\n<p><strong>Wir engagieren uns bei folgenden Schulveranstaltungen:<\/strong><em><br \/>\n<\/em><br \/>\n&#8211; Fr\u00fchst\u00fcck am ersten Schultag f\u00fcr die 5.Klasseltern<br \/>\n&#8211; Gl\u00fchweinausschank am ersten Elternsprechtag<br \/>\n&#8211; Bewirtung beim Dreik\u00f6nigsturnier<br \/>\n&#8211; Organisation des Eisballs<br \/>\n&#8211; Wei\u00dfwurstfr\u00fchst\u00fcck und Infostand am FLG-Infotag<br \/>\n&#8211; Getr\u00e4nkeausschank am zweiten Elternsprechtag<br \/>\n&#8211; Weinstand am Schulfest<br \/>\n&#8211; Unterst\u00fctzung Q12 beim ABI-Grillen<\/p>\n<p>Nichtsdestotrotz d\u00fcrfen Sie dem EB aber gerne jederzeit eine private Spende zukommen lassen. Dazu k\u00f6nnen Sie einen Betrag Ihrer Wahl -jeder Cent hilft- aufs Konto des Elternbeirats \u00fcberweisen: IBAN DE 61 7705 0000 0000 0003 31 bei SPK BA.<\/p>\n<p>Sollten Sie eine Spendenquittung ben\u00f6tigen, wird unser Kassier Ihnen diese gerne ausstellen. Schreiben Sie uns daf\u00fcr bitte eine kurze Email: <a href=\"mailto:elternbeirat@franz-ludwig-gymnasium.de\">elternbeirat@franz-ludwig-gymnasium.de<\/a>.<\/p>\n","protected":false},"excerpt":{"rendered":"<p>Wir unterst\u00fctzen und f\u00f6rdern: &#8211; Finanzierung des Elternportals &#8211; Schulfahrten (Orchester-\/ Chor-\/ Klassen-) &#8211; Projekte (z.B. W-Seminare\/ P-Seminare) &#8211; Einzelantr\u00e4ge von Sch\u00fclern (z.B. f\u00fcr Klassenfahrten) Wir engagieren uns bei folgenden Schulveranstaltungen: &#8211; Fr\u00fchst\u00fcck am ersten Schultag f\u00fcr die 5.Klasseltern &#8211; Gl\u00fchweinausschank am ersten Elternsprechtag &#8211; Bewirtung beim Dreik\u00f6nigsturnier &#8211; Organisation des Eisballs &#8211; Wei\u00dfwurstfr\u00fchst\u00fcck und Infostand am FLG-Infotag &#8211; Getr\u00e4nkeausschank am zweiten Elternsprechtag &#8211; Weinstand am Schulfest &#8211; Unterst\u00fctzung Q12 beim ABI-Grillen Nichtsdestotrotz d\u00fcrfen Sie dem EB aber gerne jederzeit eine private Spende zukommen lassen. Dazu k\u00f6nnen Sie einen Betrag Ihrer Wahl -jeder Cent hilft- aufs Konto des Elternbeirats \u00fcberweisen: IBAN DE 61 7705 0000 0000 0003 31 bei SPK BA. Sollten Sie eine Spendenquittung ben\u00f6tigen, wird unser Kassier Ihnen diese gerne ausstellen. Schreiben Sie uns daf\u00fcr bitte eine kurze Email: elternbeirat@franz-ludwig-gymnasium.de.<\/p>\n","protected":false},"author":1,"featured_media":742,"parent":0,"menu_order":0,"comment_status":"closed","ping_status":"closed","template":"","meta":{"footnotes":""},"class_list":["post-19","page","type-page","status-publish","has-post-thumbnail","hentry"],"_links":{"self":[{"href":"http:\/\/elternbeirat.flgblogs.de\/index.php?rest_route=\/wp\/v2\/pages\/19","targetHints":{"allow":["GET"]}}],"collection":[{"href":"http:\/\/elternbeirat.flgblogs.de\/index.php?rest_route=\/wp\/v2\/pages"}],"about":[{"href":"http:\/\/elternbeirat.flgblogs.de\/index.php?rest_route=\/wp\/v2\/types\/page"}],"author":[{"embeddable":true,"href":"http:\/\/elternbeirat.flgblogs.de\/index.php?rest_route=\/wp\/v2\/users\/1"}],"replies":[{"embeddable":true,"href":"http:\/\/elternbeirat.flgblogs.de\/index.php?rest_route=%2Fwp%2Fv2%2Fcomments&post=19"}],"version-history":[{"count":11,"href":"http:\/\/elternbeirat.flgblogs.de\/index.php?rest_route=\/wp\/v2\/pages\/19\/revisions"}],"predecessor-version":[{"id":406,"href":"http:\/\/elternbeirat.flgblogs.de\/index.php?rest_route=\/wp\/v2\/pages\/19\/revisions\/406"}],"wp:featuredmedia":[{"embeddable":true,"href":"http:\/\/elternbeirat.flgblogs.de\/index.php?rest_route=\/wp\/v2\/media\/742"}],"wp:attachment":[{"href":"http:\/\/elternbeirat.flgblogs.de\/index.php?rest_route=%2Fwp%2Fv2%2Fmedia&parent=19"}],"curies":[{"name":"wp","href":"https:\/\/api.w.org\/{rel}","templated":true}]}}