{"id":17,"date":"2018-10-04T18:28:57","date_gmt":"2018-10-04T18:28:57","guid":{"rendered":"http:\/\/elternbeirat.flgblogs.de\/?page_id=17"},"modified":"2018-10-05T20:39:58","modified_gmt":"2018-10-05T20:39:58","slug":"elternmitwirkung","status":"publish","type":"page","link":"http:\/\/elternbeirat.flgblogs.de\/?page_id=17","title":{"rendered":"ElternMitWirkung"},"content":{"rendered":"<p>Auf der Seite <a href=\"http:\/\/www.elternmitwirkung.bayern.de\">www.elternmitwirkung.bayern.de<\/a> finden Sie n\u00e4here Informationen zu den Aufgaben und Funktionen des Elternbeirats und des Klassenelternsprechers.<\/p>\n<p>&nbsp;<\/p>\n<p>Was aber genau bedeutet Klassenelternsprecher am FLG zu sein:<\/p>\n<h4 style=\"text-align: center;\"><strong><em>KLASSENELTERNSPRECHER AM FLG<\/em><\/strong><br \/>\n<em>Ansprechpartner f\u00fcr Sch\u00fclereltern<\/em><\/h4>\n<p>F\u00fcr eine gelingende Erziehungs- und Bildungspartnerschaft ist die Kommunikation eine wichtige Voraussetzung. Neben der pers\u00f6nlichen Kommunikation in direkten Gespr\u00e4chen und der digitalen Kommunikation \u00fcber das Elternportal findet der Austausch zwischen Schule und Elternhaus \u00fcber den Elternbeirat als gew\u00e4hlte Vertretung der Eltern aller Sch\u00fcler statt.<br \/>\nUm den direkten Kontakt m\u00f6glichst vieler Eltern zu f\u00f6rdern, werden am Franz-Ludwig-Gymnasium im Rahmen der Klassenelternversammlungen zu Beginn jedes Schuljahres auch Klassenelternsprecher f\u00fcr die Jahrgangsstufen 5 bis 10 gew\u00e4hlt.<\/p>\n<p>Diese nehmen in erster Linie folgende Aufgaben wahr:<br \/>\n\u2022 klasseninternes Sammeln und Verteilen der Adress- und Kontaktdaten der Klasseneltern auf freiwilliger Basis<br \/>\n\u2022 evtl. Organisation eines Elternstammtischs oder eines gemeinsamen Ausflugs, speziell in den unteren Jahrgangsstufen<br \/>\n\u2022 Teilnahme am Stammtisch mit dem Elternbeirat (ca. 1-2 x pro Schuljahr)<br \/>\n\u2022 \u201eStimmungsbarometer\u201c f\u00fcr den Elternbeirat<br \/>\n\u2022 Anlaufstelle f\u00fcr die Klasseneltern bei Problemen, W\u00fcnschen und Anregungen, welche die ganze Klasse oder einen gr\u00f6\u00dferen Teil davon betreffen<br \/>\n\u2022 Sprachrohr der Klasseneltern in Richtung Schule bei Problemen, W\u00fcnschen und Anregungen, welche die ganze Klasse oder einen gr\u00f6\u00dferen Teil davon betreffen<br \/>\n\u2022 ggf. Einschalten des Elternbeirats bei Problemen, die sich klassenintern nicht l\u00f6sen lassen<\/p>\n<p>Die aktive Unterst\u00fctzung durch die Klassenelternsprecher stellt damit die Kommunikation auf eine breitere Basis und f\u00f6rdert den Kontakt zwischen Eltern untereinander sowie zwischen Schule und Elternhaus.<\/p>\n<p style=\"text-align: center;\"><em>DANKE F\u00dcR IHRE UNTERST\u00dcTZUNG!<\/em><\/p>\n<p>&nbsp;<\/p>\n","protected":false},"excerpt":{"rendered":"<p>Auf der Seite www.elternmitwirkung.bayern.de finden Sie n\u00e4here Informationen zu den Aufgaben und Funktionen des Elternbeirats und des Klassenelternsprechers. &nbsp; Was aber genau bedeutet Klassenelternsprecher am FLG zu sein: KLASSENELTERNSPRECHER AM FLG Ansprechpartner f\u00fcr Sch\u00fclereltern F\u00fcr eine gelingende Erziehungs- und Bildungspartnerschaft ist die Kommunikation eine wichtige Voraussetzung. Neben der pers\u00f6nlichen Kommunikation in direkten Gespr\u00e4chen und der digitalen Kommunikation \u00fcber das Elternportal findet der Austausch zwischen Schule und Elternhaus \u00fcber den Elternbeirat als gew\u00e4hlte Vertretung der Eltern aller Sch\u00fcler statt. Um den direkten Kontakt m\u00f6glichst vieler Eltern zu f\u00f6rdern, werden am Franz-Ludwig-Gymnasium im Rahmen der Klassenelternversammlungen zu Beginn jedes Schuljahres auch Klassenelternsprecher f\u00fcr die Jahrgangsstufen 5 bis 10 gew\u00e4hlt. Diese nehmen in erster Linie folgende Aufgaben wahr: \u2022 klasseninternes Sammeln und Verteilen der Adress- und Kontaktdaten der Klasseneltern auf freiwilliger Basis \u2022 evtl. Organisation eines Elternstammtischs oder eines gemeinsamen Ausflugs, speziell in den unteren Jahrgangsstufen \u2022 Teilnahme am Stammtisch mit dem Elternbeirat (ca. 1-2 x pro Schuljahr) \u2022 \u201eStimmungsbarometer\u201c f\u00fcr den Elternbeirat \u2022 Anlaufstelle f\u00fcr die Klasseneltern bei Problemen, W\u00fcnschen und Anregungen, welche die ganze Klasse oder einen gr\u00f6\u00dferen Teil davon betreffen \u2022 Sprachrohr der Klasseneltern in Richtung Schule bei Problemen, W\u00fcnschen und Anregungen, welche die ganze Klasse oder einen gr\u00f6\u00dferen Teil davon betreffen \u2022 ggf. Einschalten des Elternbeirats bei Problemen, die sich klassenintern nicht l\u00f6sen lassen Die aktive Unterst\u00fctzung durch die Klassenelternsprecher stellt damit die Kommunikation auf eine breitere Basis und f\u00f6rdert den Kontakt zwischen Eltern untereinander sowie zwischen Schule und Elternhaus. DANKE F\u00dcR IHRE UNTERST\u00dcTZUNG! &nbsp;<\/p>\n","protected":false},"author":1,"featured_media":0,"parent":0,"menu_order":0,"comment_status":"closed","ping_status":"closed","template":"","meta":{"footnotes":""},"class_list":["post-17","page","type-page","status-publish","hentry"],"_links":{"self":[{"href":"http:\/\/elternbeirat.flgblogs.de\/index.php?rest_route=\/wp\/v2\/pages\/17","targetHints":{"allow":["GET"]}}],"collection":[{"href":"http:\/\/elternbeirat.flgblogs.de\/index.php?rest_route=\/wp\/v2\/pages"}],"about":[{"href":"http:\/\/elternbeirat.flgblogs.de\/index.php?rest_route=\/wp\/v2\/types\/page"}],"author":[{"embeddable":true,"href":"http:\/\/elternbeirat.flgblogs.de\/index.php?rest_route=\/wp\/v2\/users\/1"}],"replies":[{"embeddable":true,"href":"http:\/\/elternbeirat.flgblogs.de\/index.php?rest_route=%2Fwp%2Fv2%2Fcomments&post=17"}],"version-history":[{"count":5,"href":"http:\/\/elternbeirat.flgblogs.de\/index.php?rest_route=\/wp\/v2\/pages\/17\/revisions"}],"predecessor-version":[{"id":232,"href":"http:\/\/elternbeirat.flgblogs.de\/index.php?rest_route=\/wp\/v2\/pages\/17\/revisions\/232"}],"wp:attachment":[{"href":"http:\/\/elternbeirat.flgblogs.de\/index.php?rest_route=%2Fwp%2Fv2%2Fmedia&parent=17"}],"curies":[{"name":"wp","href":"https:\/\/api.w.org\/{rel}","templated":true}]}}